{"id":2,"date":"2025-07-17T15:39:42","date_gmt":"2025-07-17T13:39:42","guid":{"rendered":"https:\/\/chateau-mulonniere.local\/?page_id=2"},"modified":"2025-08-25T14:45:21","modified_gmt":"2025-08-25T12:45:21","slug":"page-d-exemple","status":"publish","type":"page","link":"https:\/\/www.chateaumulonniere.com\/","title":{"rendered":"Page d\u2019exemple"},"content":{"rendered":"\n<section class=\"en-construction\" class=\"wp-block-create-block-en-construction\">\n    <div class=\"wrap\">\n        <div class=\"content-part left\">\n            <div class=\"top-logo\"><img decoding=\"async\"     src=\"https:\/\/www.chateaumulonniere.com\/wp-content\/uploads\/2025\/07\/mulonniere-en-construction-logo.png\" srcset=\"https:\/\/www.chateaumulonniere.com\/wp-content\/uploads\/2025\/07\/mulonniere-en-construction-logo.png 425w, https:\/\/www.chateaumulonniere.com\/wp-content\/uploads\/2025\/07\/mulonniere-en-construction-logo-120x120.png 120w, https:\/\/www.chateaumulonniere.com\/wp-content\/uploads\/2025\/07\/mulonniere-en-construction-logo-240x240.png 240w\" sizes=\"(max-width: 425px) 100vw, 425px\"alt=\"\"><\/div>\n            <div class=\"content\">\n                <h2>Le site est en cours de fermentation<\/h2>\n                <p>\n                    Ch\u00e2teau de la Mulonni\u00e8re<br>49750 Beaulieu sur Layon<br><br>0033 (0)2 41 78 47 52<br>Nous \u00e9crire par <a href=\"mailto:chateaudelamulonniere@sagetlaperriere.com\">e-mail<\/a><br>Suivez-nous sur\u00a0<a href=\"http:\/\/www.facebook.com\/sagetlaperriere\" target=\"_blank\" rel=\"noreferrer noopener\">Facebook<\/a>                <\/p>\n            <\/div>\n            <div class=\"bottom-logo\">\n                <img decoding=\"async\"     src=\"https:\/\/www.chateaumulonniere.com\/wp-content\/uploads\/2025\/07\/mulonniere-en-construction-logo-saget.png\" srcset=\"https:\/\/www.chateaumulonniere.com\/wp-content\/uploads\/2025\/07\/mulonniere-en-construction-logo-saget.png 600w, https:\/\/www.chateaumulonniere.com\/wp-content\/uploads\/2025\/07\/mulonniere-en-construction-logo-saget-120x32.png 120w, https:\/\/www.chateaumulonniere.com\/wp-content\/uploads\/2025\/07\/mulonniere-en-construction-logo-saget-240x64.png 240w, https:\/\/www.chateaumulonniere.com\/wp-content\/uploads\/2025\/07\/mulonniere-en-construction-logo-saget-480x128.png 480w\" sizes=\"(max-width: 600px) 100vw, 600px\"alt=\"\">            <\/div>\n        <\/div>\n        <div class=\"pctr-part right\">\n            <img decoding=\"async\"     src=\"https:\/\/www.chateaumulonniere.com\/wp-content\/uploads\/2025\/07\/mulonniere-en-construction-1.jpg\" srcset=\"https:\/\/www.chateaumulonniere.com\/wp-content\/uploads\/2025\/07\/mulonniere-en-construction-1.jpg 1250w, https:\/\/www.chateaumulonniere.com\/wp-content\/uploads\/2025\/07\/mulonniere-en-construction-1-300x200.jpg 300w, https:\/\/www.chateaumulonniere.com\/wp-content\/uploads\/2025\/07\/mulonniere-en-construction-1-1024x682.jpg 1024w, https:\/\/www.chateaumulonniere.com\/wp-content\/uploads\/2025\/07\/mulonniere-en-construction-1-768x511.jpg 768w\" sizes=\"(max-width: 1250px) 100vw, 1250px\"alt=\"\">        <\/div>\n    <\/div>\n<\/section>\n\n","protected":false},"excerpt":{"rendered":"","protected":false},"author":1,"featured_media":0,"parent":0,"menu_order":0,"comment_status":"closed","ping_status":"open","template":"under-construction","meta":{"footnotes":""},"class_list":["post-2","page","type-page","status-publish","hentry"],"_links":{"self":[{"href":"https:\/\/www.chateaumulonniere.com\/index.php?rest_route=\/wp\/v2\/pages\/2","targetHints":{"allow":["GET"]}}],"collection":[{"href":"https:\/\/www.chateaumulonniere.com\/index.php?rest_route=\/wp\/v2\/pages"}],"about":[{"href":"https:\/\/www.chateaumulonniere.com\/index.php?rest_route=\/wp\/v2\/types\/page"}],"author":[{"embeddable":true,"href":"https:\/\/www.chateaumulonniere.com\/index.php?rest_route=\/wp\/v2\/users\/1"}],"replies":[{"embeddable":true,"href":"https:\/\/www.chateaumulonniere.com\/index.php?rest_route=%2Fwp%2Fv2%2Fcomments&post=2"}],"version-history":[{"count":41,"href":"https:\/\/www.chateaumulonniere.com\/index.php?rest_route=\/wp\/v2\/pages\/2\/revisions"}],"predecessor-version":[{"id":78,"href":"https:\/\/www.chateaumulonniere.com\/index.php?rest_route=\/wp\/v2\/pages\/2\/revisions\/78"}],"wp:attachment":[{"href":"https:\/\/www.chateaumulonniere.com\/index.php?rest_route=%2Fwp%2Fv2%2Fmedia&parent=2"}],"curies":[{"name":"wp","href":"https:\/\/api.w.org\/{rel}","templated":true}]}}